{"id":2,"date":"2023-01-21T17:22:42","date_gmt":"2023-01-21T17:22:42","guid":{"rendered":"http:\/\/epiberica.com\/epiberica\/wordpress\/?page_id=2"},"modified":"2024-11-25T09:09:53","modified_gmt":"2024-11-25T09:09:53","slug":"contactos","status":"publish","type":"page","link":"https:\/\/epiberica.com\/index.php\/contactos\/","title":{"rendered":"Contactos"},"content":{"rendered":"<section class=\"wpb-content-wrapper\"><p>[vc_row][vc_column]<div id=\"ultimate-heading-857769e18753a3903\" class=\"uvc-heading ult-adjust-bottom-margin ultimate-heading-857769e18753a3903 uvc-4275 \" data-hspacer=\"no_spacer\"  data-halign=\"center\" style=\"text-align:center\"><div class=\"uvc-heading-spacer no_spacer\" style=\"top\"><\/div><div class=\"uvc-sub-heading ult-responsive\"  data-ultimate-target='.uvc-heading.ultimate-heading-857769e18753a3903 .uvc-sub-heading '  data-responsive-json-new='{\"font-size\":\"\",\"line-height\":\"\"}'  style=\"font-weight:normal;\"><\/p>\n<p>&nbsp;<\/p>\n<p style=\"text-align: center;\">Estamos aqui para todos os nossos clientes, grandes ou pequenos, com total dedica\u00e7\u00e3o.<\/p>\n<p style=\"text-align: center;\">N\u00e3o somos apenas fornecedores de servi\u00e7os, somos seus parceiros de neg\u00f3cio.<\/p>\n<p style=\"text-align: center;\">O seu sucesso \u00e9 o nosso sucesso.<\/p>\n<p style=\"text-align: center;\">Comprometemo-nos consigo e com os seus objetivos. Vamos juntos alcan\u00e7ar grandes conquistas!<\/p>\n<p style=\"text-align: center;\"><strong>Entre em contacto conosco.<\/strong><\/p>\n<p>&nbsp;<\/p>\n<p>&nbsp;<\/p>\n<p><\/div><\/div>[\/vc_column][\/vc_row]<\/p>\n<\/section>","protected":false},"excerpt":{"rendered":"<p>[vc_row][vc_column][\/vc_column][\/vc_row]<\/p>\n","protected":false},"author":1,"featured_media":0,"parent":0,"menu_order":0,"comment_status":"closed","ping_status":"open","template":"page.php","meta":{"footnotes":""},"class_list":["post-2","page","type-page","status-publish","hentry"],"_links":{"self":[{"href":"https:\/\/epiberica.com\/index.php\/wp-json\/wp\/v2\/pages\/2","targetHints":{"allow":["GET"]}}],"collection":[{"href":"https:\/\/epiberica.com\/index.php\/wp-json\/wp\/v2\/pages"}],"about":[{"href":"https:\/\/epiberica.com\/index.php\/wp-json\/wp\/v2\/types\/page"}],"author":[{"embeddable":true,"href":"https:\/\/epiberica.com\/index.php\/wp-json\/wp\/v2\/users\/1"}],"replies":[{"embeddable":true,"href":"https:\/\/epiberica.com\/index.php\/wp-json\/wp\/v2\/comments?post=2"}],"version-history":[{"count":31,"href":"https:\/\/epiberica.com\/index.php\/wp-json\/wp\/v2\/pages\/2\/revisions"}],"predecessor-version":[{"id":2701,"href":"https:\/\/epiberica.com\/index.php\/wp-json\/wp\/v2\/pages\/2\/revisions\/2701"}],"wp:attachment":[{"href":"https:\/\/epiberica.com\/index.php\/wp-json\/wp\/v2\/media?parent=2"}],"curies":[{"name":"wp","href":"https:\/\/api.w.org\/{rel}","templated":true}]}}