{"id":1918,"date":"2019-07-10T15:29:59","date_gmt":"2019-07-10T15:29:59","guid":{"rendered":"http:\/\/demos.upperthemes.com\/koral\/site1\/?page_id=1918"},"modified":"2024-11-23T21:14:46","modified_gmt":"2024-11-23T21:14:46","slug":"sobre-nos","status":"publish","type":"page","link":"https:\/\/epiberica.com\/index.php\/sobre-nos\/","title":{"rendered":"Sobre N\u00f3s"},"content":{"rendered":"<section class=\"wpb-content-wrapper\"><p>[vc_row full_width=&#8221;stretch_row_content_no_spaces&#8221; equal_height=&#8221;yes&#8221; content_placement=&#8221;middle&#8221; el_class=&#8221;wideipad&#8221;][vc_column width=&#8221;1\/2&#8243;]<div class=\"ult-content-box-container adjust-boxes-on-mobile\" >\t\t<div class=\"ult-content-box\" style=\"background-color:#ffffff;box-shadow: px px px px none;padding-top:100px;padding-right:80px;padding-bottom:100px;padding-left:80px;min-height:500px;-webkit-transition: all 700ms ease;-moz-transition: all 700ms ease;-ms-transition: all 700ms ease;-o-transition: all 700ms ease;transition: all 700ms ease;\"  data-hover_box_shadow=\"none\"     data-bg=\"#ffffff\" >[vc_custom_heading text=&#8221;Planear<br \/>\nCriar<br \/>\nInovar&#8221; font_container=&#8221;tag:h3|text_align:left|color:%23e9693c&#8221; use_theme_fonts=&#8221;yes&#8221;][vc_empty_space height=&#8221;20px&#8221;][vc_column_text]<\/p>\n<p style=\"text-align: left;\">O nosso m\u00e9todo \u00e9 simples: ouvimos, pesquisamos e encontr\u00e1mos a melhor\u00a0solu\u00e7\u00e3o\u00a0visual e de transmiss\u00e3o para cada projeto, cada or\u00e7amento.<br \/>\nO nosso objetivo \u00e9 produzir originalidade o mais r\u00e1pido poss\u00edvel, ao melhor pre\u00e7o,<br \/>\nsem comprometer a qualidade.<br \/>\nN\u00e3o hesite em contactar-nos, estamos comprometidos consigo, com o seu sucesso<br \/>\nfuturo.[\/vc_column_text][vc_empty_space height=&#8221;40px&#8221;]\t\t<\/div><\/div>[\/vc_column][vc_column width=&#8221;1\/2&#8243; css=&#8221;.vc_custom_1676462203129{background-image: url(https:\/\/epiberica.com\/epiberica\/wordpress\/wp-content\/uploads\/2023\/02\/servicos2_.png?id=2559) !important;background-position: center !important;background-repeat: no-repeat !important;background-size: cover !important;}&#8221; el_class=&#8221;minheightbox-mobile&#8221;]<div class=\"ult-spacer spacer-69e1981635a61\" data-id=\"69e1981635a61\" data-height=\"\" data-height-mobile=\"300\" data-height-tab=\"\" data-height-tab-portrait=\"500\" data-height-mobile-landscape=\"300\" style=\"clear:both;display:block;\"><\/div>[\/vc_column][\/vc_row][vc_row full_width=&#8221;stretch_row_content_no_spaces&#8221; equal_height=&#8221;yes&#8221; content_placement=&#8221;middle&#8221; el_class=&#8221;wideipad&#8221;][vc_column width=&#8221;1\/2&#8243; css=&#8221;.vc_custom_1676462690153{background-image: url(https:\/\/epiberica.com\/epiberica\/wordpress\/wp-content\/uploads\/2023\/02\/led_3.png?id=2588) !important;background-position: center !important;background-repeat: no-repeat !important;background-size: cover !important;}&#8221; el_class=&#8221;minheightbox-mobile&#8221;]<div class=\"ult-spacer spacer-69e1981635aa3\" data-id=\"69e1981635aa3\" data-height=\"\" data-height-mobile=\"300\" data-height-tab=\"\" data-height-tab-portrait=\"500\" data-height-mobile-landscape=\"300\" style=\"clear:both;display:block;\"><\/div>[\/vc_column][vc_column width=&#8221;1\/2&#8243;]<div class=\"ult-content-box-container adjust-boxes-on-mobile\" >\t\t<div class=\"ult-content-box\" style=\"background-color:#ffffff;box-shadow: px px px px none;padding-top:100px;padding-right:80px;padding-bottom:100px;padding-left:80px;min-height:500px;-webkit-transition: all 700ms ease;-moz-transition: all 700ms ease;-ms-transition: all 700ms ease;-o-transition: all 700ms ease;transition: all 700ms ease;\"  data-hover_box_shadow=\"none\"     data-bg=\"#ffffff\" >[vc_custom_heading text=&#8221;Fazer bem<br \/>\nao melhor pre\u00e7o&#8221; font_container=&#8221;tag:h3|text_align:left|color:%23e9693c&#8221; use_theme_fonts=&#8221;yes&#8221;][vc_empty_space height=&#8221;20px&#8221;][vc_column_text]A EPI \u00e9 uma empresa especialista em publicidade, comprometida em oferecer solu\u00e7\u00f5es inovadoras e personalizadas para atender \u00e0s necessidades dos nossos clientes.<\/p>\n<p>Contamos com o apoio estrat\u00e9gico de uma s\u00f3lida base de produ\u00e7\u00e3o sediada em Vigo, o que nos permite atuar no mercado ib\u00e9rico com foco na qualidade e na competitividade de pre\u00e7os.<\/p>\n<p>O nosso objetivo \u00e9 concretizar projetos com excel\u00eancia, conciliando alta qualidade com o melhor custo-benef\u00edcio. Para isso, disponibilizamos uma ampla gama de servi\u00e7os e solu\u00e7\u00f5es integradas nas \u00e1reas de:<\/p>\n<p>. Publicidade e Imagem Corporativa<\/p>\n<p>. Decora\u00e7\u00e3o de Espa\u00e7os<\/p>\n<p>. Remodela\u00e7\u00f5es e Constru\u00e7\u00e3o Civil<\/p>\n<p>Destacamo-nos pela abordagem exclusiva dedicada a cada projeto, gerindo integralmente todas as etapas do processo: desde o desenho e conce\u00e7\u00e3o inicial at\u00e9 \u00e0 produ\u00e7\u00e3o e instala\u00e7\u00e3o final.<\/p>\n<p>Com a EPI, o sucesso do seu projeto est\u00e1 garantido, do conceito \u00e0 realiza\u00e7\u00e3o, oferecemos solu\u00e7\u00f5es completas para transformar ideias em realidade.<\/p>\n<p>[\/vc_column_text][vc_empty_space height=&#8221;20px&#8221;]\t\t<\/div><\/div>[\/vc_column][\/vc_row][vc_row bg_type=&#8221;bg_color&#8221; bg_override=&#8221;ex-full&#8221; css=&#8221;.vc_custom_1675375094831{padding-top: 120px !important;padding-bottom: 120px !important;}&#8221; bg_color_value=&#8221;#ffffff&#8221;][vc_column][vc_custom_heading text=&#8221;Vamos trabalhar juntos&#8221; font_container=&#8221;tag:h2|text_align:center|color:__USE_THEME_MAIN_COLOR__|line_height:1em&#8221; use_theme_fonts=&#8221;yes&#8221;][vc_custom_heading text=&#8221;Avelino Silva | 931437374&#8243; font_container=&#8221;tag:p|font_size:24px|text_align:center|color:__USE_THEME_MAIN_COLOR__&#8221; use_theme_fonts=&#8221;yes&#8221;][\/vc_column][\/vc_row]<\/p>\n<\/section>","protected":false},"excerpt":{"rendered":"<p>[vc_row full_width=&#8221;stretch_row_content_no_spaces&#8221; equal_height=&#8221;yes&#8221; content_placement=&#8221;middle&#8221; el_class=&#8221;wideipad&#8221;][vc_column width=&#8221;1\/2&#8243;][\/vc_column][vc_column width=&#8221;1\/2&#8243; css=&#8221;.vc_custom_1676462203129{background-image: url(https:\/\/epiberica.com\/epiberica\/wordpress\/wp-content\/uploads\/2023\/02\/servicos2_.png?id=2559) !important;background-position: center !important;background-repeat: no-repeat !important;background-size: cover !important;}&#8221; el_class=&#8221;minheightbox-mobile&#8221;][\/vc_column][\/vc_row][vc_row full_width=&#8221;stretch_row_content_no_spaces&#8221; equal_height=&#8221;yes&#8221; content_placement=&#8221;middle&#8221; el_class=&#8221;wideipad&#8221;][vc_column width=&#8221;1\/2&#8243; css=&#8221;.vc_custom_1676462690153{background-image: url(https:\/\/epiberica.com\/epiberica\/wordpress\/wp-content\/uploads\/2023\/02\/led_3.png?id=2588) !important;background-position: center !important;background-repeat: no-repeat !important;background-size: cover !important;}&#8221; el_class=&#8221;minheightbox-mobile&#8221;][\/vc_column][vc_column width=&#8221;1\/2&#8243;][\/vc_column][\/vc_row][vc_row bg_type=&#8221;bg_color&#8221; bg_override=&#8221;ex-full&#8221; css=&#8221;.vc_custom_1675375094831{padding-top: 120px !important;padding-bottom: 120px !important;}&#8221; bg_color_value=&#8221;#ffffff&#8221;][vc_column][vc_custom_heading text=&#8221;Vamos trabalhar juntos&#8221; font_container=&#8221;tag:h2|text_align:center|color:__USE_THEME_MAIN_COLOR__|line_height:1em&#8221; use_theme_fonts=&#8221;yes&#8221;][vc_custom_heading text=&#8221;Avelino Silva | 931437374&#8243; font_container=&#8221;tag:p|font_size:24px|text_align:center|color:__USE_THEME_MAIN_COLOR__&#8221; use_theme_fonts=&#8221;yes&#8221;][\/vc_column][\/vc_row]<\/p>\n","protected":false},"author":1,"featured_media":0,"parent":0,"menu_order":0,"comment_status":"closed","ping_status":"closed","template":"page.php","meta":{"footnotes":""},"class_list":["post-1918","page","type-page","status-publish","hentry"],"_links":{"self":[{"href":"https:\/\/epiberica.com\/index.php\/wp-json\/wp\/v2\/pages\/1918","targetHints":{"allow":["GET"]}}],"collection":[{"href":"https:\/\/epiberica.com\/index.php\/wp-json\/wp\/v2\/pages"}],"about":[{"href":"https:\/\/epiberica.com\/index.php\/wp-json\/wp\/v2\/types\/page"}],"author":[{"embeddable":true,"href":"https:\/\/epiberica.com\/index.php\/wp-json\/wp\/v2\/users\/1"}],"replies":[{"embeddable":true,"href":"https:\/\/epiberica.com\/index.php\/wp-json\/wp\/v2\/comments?post=1918"}],"version-history":[{"count":28,"href":"https:\/\/epiberica.com\/index.php\/wp-json\/wp\/v2\/pages\/1918\/revisions"}],"predecessor-version":[{"id":2480,"href":"https:\/\/epiberica.com\/index.php\/wp-json\/wp\/v2\/pages\/1918\/revisions\/2480"}],"wp:attachment":[{"href":"https:\/\/epiberica.com\/index.php\/wp-json\/wp\/v2\/media?parent=1918"}],"curies":[{"name":"wp","href":"https:\/\/api.w.org\/{rel}","templated":true}]}}