{"id":1607,"date":"2019-07-05T17:01:21","date_gmt":"2019-07-05T17:01:21","guid":{"rendered":"http:\/\/demos.upperthemes.com\/koral\/site1\/?page_id=1607"},"modified":"2024-11-25T09:16:57","modified_gmt":"2024-11-25T09:16:57","slug":"services-3","status":"publish","type":"page","link":"https:\/\/epiberica.com\/index.php\/services-3\/","title":{"rendered":"Servi\u00e7os"},"content":{"rendered":"<section class=\"wpb-content-wrapper\"><p>[vc_row el_id=&#8221;s-section&#8221; css=&#8221;.vc_custom_1562355735908{padding-top: 80px !important;}&#8221; el_class=&#8221;add-side-paddings&#8221;][vc_column width=&#8221;2\/3&#8243; el_class=&#8221;add-side-paddings-box&#8221;][vc_custom_heading text=&#8221;O QUE FAZEMOS?&#8221; use_theme_fonts=&#8221;yes&#8221;][vc_empty_space height=&#8221;30px&#8221;][\/vc_column][\/vc_row][vc_row css=&#8221;.vc_custom_1562355745699{padding-bottom: 80px !important;}&#8221; el_class=&#8221;add-side-paddings&#8221;][vc_column width=&#8221;2\/3&#8243; el_class=&#8221;add-side-paddings-box&#8221;][vc_column_text]Oferecemos uma ampla gama de servi\u00e7os e solu\u00e7\u00f5es integradas, atuando nas \u00e1reas de\u00a0publicidade e imagem corporativa,\u00a0decora\u00e7\u00e3o de espa\u00e7os,\u00a0remodela\u00e7\u00f5es\u00a0e\u00a0constru\u00e7\u00e3o civil.<br \/>\nDestacamo-nos pela capacidade de tratar cada projeto como \u00fanico, gerindo de forma completa todas as etapas:\u00a0desde o design \u00e0 produ\u00e7\u00e3o e instala\u00e7\u00e3o.<br \/>\nCom uma abordagem personalizada e focada em resultados, transformamos ideias em realidade, garantindo excel\u00eancia em cada detalhe.[\/vc_column_text][vc_empty_space height=&#8221;30px&#8221;][\/vc_column][\/vc_row][vc_row full_width=&#8221;stretch_row_content&#8221; equal_height=&#8221;yes&#8221; content_placement=&#8221;top&#8221; bg_type=&#8221;image&#8221; parallax_style=&#8221;vcpb-default&#8221; bg_image_repeat=&#8221;no-repeat&#8221; bg_img_attach=&#8221;fixed&#8221; bg_override=&#8221;full&#8221; animation_type=&#8221;h&#8221; horizontal_animation=&#8221;left-animation&#8221; vertical_animation=&#8221;top-animation&#8221; disable_on_mobile=&#8221;disable_on_mobile_value&#8221; el_class=&#8221;equal-height-columns&#8221;][vc_column width=&#8221;1\/4&#8243; css=&#8221;.vc_custom_1677407407340{padding-top: 40px !important;padding-right: 40px !important;padding-bottom: 40px !important;padding-left: 40px !important;background-color: #ce3c6c !important;}&#8221; el_class=&#8221;increase-size-tablet&#8221;][vc_column_text el_class=&#8221;make-p-small&#8221;]IMAGEM CORPORATIVA[\/vc_column_text][vc_empty_space height=&#8221;20px&#8221;][vc_column_text el_class=&#8221;make-p-small&#8221;]A nossa versatilidade, ser fabricantes e dispor de uma equipa pr\u00f3pria de instaladores, d\u00e1-nos a capacidade de oferecer aos nossos clientes uma solu\u00e7\u00e3o global, r\u00e1pida e eficaz.[\/vc_column_text][vc_empty_space height=&#8221;20px&#8221;][\/vc_column][vc_column width=&#8221;1\/4&#8243; css=&#8221;.vc_custom_1676058861342{padding-top: 110px !important;padding-bottom: 110px !important;background-image: url(https:\/\/epiberica.com\/epiberica\/wordpress\/wp-content\/uploads\/2023\/02\/letras-1.png?id=2533) !important;background-position: center !important;background-repeat: no-repeat !important;background-size: cover !important;}&#8221; el_class=&#8221;increase-size-tablet&#8221;][\/vc_column][vc_column width=&#8221;1\/4&#8243; css=&#8221;.vc_custom_1676042560745{padding-top: 40px !important;padding-right: 40px !important;padding-bottom: 40px !important;padding-left: 40px !important;background-color: #25b6ea !important;}&#8221; el_class=&#8221;increase-size-tablet&#8221;][vc_column_text el_class=&#8221;make-p-small&#8221;]OBRAS[\/vc_column_text][vc_empty_space height=&#8221;20px&#8221;][vc_column_text el_class=&#8221;make-p-small&#8221;]Gest\u00e3o integral de obras e projetos, com o acompanhamento e procura das solu\u00e7\u00f5es mais adequadas em cada uma das fases do mesmo, desde a sua cria\u00e7\u00e3o e desenho at\u00e9 a execu\u00e7\u00e3o total da obra.[\/vc_column_text][vc_empty_space height=&#8221;20px&#8221;][\/vc_column][vc_column width=&#8221;1\/4&#8243; css=&#8221;.vc_custom_1675942893872{padding-top: 110px !important;padding-bottom: 110px !important;background-image: url(https:\/\/epiberica.com\/epiberica\/wordpress\/wp-content\/uploads\/2023\/02\/obras.png?id=2518) !important;background-position: center !important;background-repeat: no-repeat !important;background-size: cover !important;}&#8221; el_class=&#8221;increase-size-tablet&#8221;][\/vc_column][\/vc_row][vc_row full_width=&#8221;stretch_row_content&#8221; equal_height=&#8221;yes&#8221; bg_type=&#8221;image&#8221; parallax_style=&#8221;vcpb-default&#8221; bg_image_repeat=&#8221;no-repeat&#8221; bg_img_attach=&#8221;fixed&#8221; bg_override=&#8221;full&#8221; animation_type=&#8221;h&#8221; horizontal_animation=&#8221;left-animation&#8221; vertical_animation=&#8221;top-animation&#8221; disable_on_mobile=&#8221;disable_on_mobile_value&#8221; css=&#8221;.vc_custom_1463568662404{margin-bottom: 0px !important;}&#8221; el_class=&#8221;equal-height-columns&#8221;][vc_column width=&#8221;1\/4&#8243; css=&#8221;.vc_custom_1676056033784{padding-top: 110px !important;padding-bottom: 110px !important;background-image: url(https:\/\/epiberica.com\/epiberica\/wordpress\/wp-content\/uploads\/2023\/02\/smart.png?id=2531) !important;background-position: center !important;background-repeat: no-repeat !important;background-size: cover !important;}&#8221; el_class=&#8221;increase-size-tablet&#8221;][\/vc_column][vc_column width=&#8221;1\/4&#8243; css=&#8221;.vc_custom_1676454117172{padding-top: 40px !important;padding-right: 40px !important;padding-bottom: 40px !important;padding-left: 40px !important;background-color: #fce041 !important;}&#8221; el_class=&#8221;increase-size-tablet&#8221;][vc_column_text el_class=&#8221;make-p-small&#8221;]VIATURAS E MONTRAS[\/vc_column_text][vc_empty_space height=&#8221;20px&#8221;][vc_column_text el_class=&#8221;make-p-small&#8221;]Seja total ou parcial, em vinil recortado ou em vinil impresso. o seu impacto \u00e9 fant\u00e1stico!&#8230;[\/vc_column_text][vc_empty_space height=&#8221;20px&#8221;][\/vc_column][vc_column width=&#8221;1\/4&#8243; css=&#8221;.vc_custom_1675943055808{padding-top: 110px !important;padding-bottom: 110px !important;background-image: url(https:\/\/epiberica.com\/epiberica\/wordpress\/wp-content\/uploads\/2023\/02\/stands.png?id=2519) !important;background-position: center !important;background-repeat: no-repeat !important;background-size: cover !important;}&#8221; el_class=&#8221;increase-size-tablet&#8221;][\/vc_column][vc_column width=&#8221;1\/4&#8243; css=&#8221;.vc_custom_1562356448365{padding-top: 40px !important;padding-right: 40px !important;padding-bottom: 40px !important;padding-left: 40px !important;background-color: #5ad2a0 !important;}&#8221; el_class=&#8221;increase-size-tablet&#8221;][vc_column_text el_class=&#8221;make-p-small&#8221;]STANDS | QUIOSQUES | BALC\u00d5ES[\/vc_column_text][vc_empty_space height=&#8221;20px&#8221;][vc_column_text el_class=&#8221;make-p-small&#8221;]Cria\u00e7\u00e3o, fabrico e montagem de stands, expositores, quiosques e balc\u00f5es para feiras e espa\u00e7os comerciais.[\/vc_column_text][vc_empty_space height=&#8221;20px&#8221;][\/vc_column][\/vc_row][vc_row bg_type=&#8221;bg_color&#8221; bg_override=&#8221;ex-full&#8221; css=&#8221;.vc_custom_1676228622087{padding-top: 100px !important;padding-bottom: 100px !important;}&#8221;][vc_column][vc_empty_space height=&#8221;20px&#8221;][vc_custom_heading text=&#8221;KEEP IN TOUCH&#8221; font_container=&#8221;tag:h2|text_align:center|line_height:1.3em&#8221; use_theme_fonts=&#8221;yes&#8221;][vc_custom_heading text=&#8221;Gostariamos muito de o ouvir.<br \/>\nVamos trabalhar juntos?&#8221; font_container=&#8221;tag:p|font_size:20px|text_align:center&#8221; use_theme_fonts=&#8221;yes&#8221;][vc_btn title=&#8221;Contactos&#8221; style=&#8221;flat&#8221; shape=&#8221;round&#8221; color=&#8221;danger&#8221; size=&#8221;sm&#8221; align=&#8221;center&#8221; css_animation=&#8221;bottom-to-top&#8221; link=&#8221;url:https%3A%2F%2Fepiberica.com%2Findex.php%2Fcontactos%2F|title:Contactos&#8221;][vc_empty_space height=&#8221;20px&#8221;][\/vc_column][\/vc_row]<\/p>\n<\/section>","protected":false},"excerpt":{"rendered":"<p>[vc_row el_id=&#8221;s-section&#8221; css=&#8221;.vc_custom_1562355735908{padding-top: 80px !important;}&#8221; el_class=&#8221;add-side-paddings&#8221;][vc_column width=&#8221;2\/3&#8243; el_class=&#8221;add-side-paddings-box&#8221;][vc_custom_heading text=&#8221;O QUE FAZEMOS?&#8221; use_theme_fonts=&#8221;yes&#8221;][vc_empty_space height=&#8221;30px&#8221;][\/vc_column][\/vc_row][vc_row css=&#8221;.vc_custom_1562355745699{padding-bottom: 80px !important;}&#8221; el_class=&#8221;add-side-paddings&#8221;][vc_column width=&#8221;2\/3&#8243; el_class=&#8221;add-side-paddings-box&#8221;][vc_column_text]Oferecemos uma ampla gama de servi\u00e7os e solu\u00e7\u00f5es integradas, atuando nas \u00e1reas de\u00a0publicidade e imagem corporativa,\u00a0decora\u00e7\u00e3o de espa\u00e7os,\u00a0remodela\u00e7\u00f5es\u00a0e\u00a0constru\u00e7\u00e3o civil. Destacamo-nos pela capacidade de tratar cada projeto como \u00fanico, gerindo de forma completa todas as etapas:\u00a0desde o design [&hellip;]<\/p>\n","protected":false},"author":1,"featured_media":0,"parent":0,"menu_order":0,"comment_status":"closed","ping_status":"closed","template":"page.php","meta":{"footnotes":""},"class_list":["post-1607","page","type-page","status-publish","hentry"],"_links":{"self":[{"href":"https:\/\/epiberica.com\/index.php\/wp-json\/wp\/v2\/pages\/1607","targetHints":{"allow":["GET"]}}],"collection":[{"href":"https:\/\/epiberica.com\/index.php\/wp-json\/wp\/v2\/pages"}],"about":[{"href":"https:\/\/epiberica.com\/index.php\/wp-json\/wp\/v2\/types\/page"}],"author":[{"embeddable":true,"href":"https:\/\/epiberica.com\/index.php\/wp-json\/wp\/v2\/users\/1"}],"replies":[{"embeddable":true,"href":"https:\/\/epiberica.com\/index.php\/wp-json\/wp\/v2\/comments?post=1607"}],"version-history":[{"count":40,"href":"https:\/\/epiberica.com\/index.php\/wp-json\/wp\/v2\/pages\/1607\/revisions"}],"predecessor-version":[{"id":2702,"href":"https:\/\/epiberica.com\/index.php\/wp-json\/wp\/v2\/pages\/1607\/revisions\/2702"}],"wp:attachment":[{"href":"https:\/\/epiberica.com\/index.php\/wp-json\/wp\/v2\/media?parent=1607"}],"curies":[{"name":"wp","href":"https:\/\/api.w.org\/{rel}","templated":true}]}}